{"id":530,"date":"2016-07-26T23:33:37","date_gmt":"2016-07-26T21:33:37","guid":{"rendered":"http:\/\/www.itkompaniet.com\/?page_id=530"},"modified":"2024-04-04T09:31:16","modified_gmt":"2024-04-04T07:31:16","slug":"oppettider","status":"publish","type":"page","link":"https:\/\/www.itkompaniet.com\/?page_id=530","title":{"rendered":"\u00d6ppettider"},"content":{"rendered":"<p>Vi har \u00f6ppet f\u00f6ljande tider<br \/>\nM\u00e5ndag \u2013 Tisdag \u00a0 \u00a0 \u00a009:00 \u2013 13:00<br \/>\nOnsdag \u00a0*** s t \u00e4 n g t ***<br \/>\nTorsdag \u2013 Fredag 09:00 \u2013 13:00<br \/>\nL\u00f6rdag 09:00 \u2013 12:00<\/p>\n<p>N\u00e5s enklast under f\u00f6rmiddagen<\/p>\n<p>ITKompaniet\u00a0g\u00e5r att n\u00e5 p\u00e5 m\u00e5nga olika s\u00e4tt.<\/p>\n<p>Kontakta oss via v\u00e5rt <a href=\"https:\/\/www.itkompaniet.com\/?page_id=115\">kontaktformul\u00e4r<\/a><\/p>\n<p>Det g\u00e5r s\u00e5klart \u00e4ven bra att ringa hit.<\/p>\n<p>Tfn 046 73 89 09 (sl\u00e5 samtliga siffror d\u00e5 v\u00e5rt telefonsystem fodrar detta) meddelande skickas till mobil 0708 73 89 09. G\u00e5r naturligtvis \u00e4ven att ringa vilket av dessa nummer ni \u00f6nskar!<\/p>\n","protected":false},"excerpt":{"rendered":"<p>Vi har \u00f6ppet f\u00f6ljande tider M\u00e5ndag \u2013 Tisdag \u00a0 \u00a0 \u00a009:00 \u2013 13:00 Onsdag \u00a0*** s t \u00e4 n g t *** Torsdag \u2013 Fredag 09:00 \u2013 13:00 L\u00f6rdag 09:00 \u2013 12:00 N\u00e5s enklast under f\u00f6rmiddagen ITKompaniet\u00a0g\u00e5r att n\u00e5 p\u00e5 m\u00e5nga olika s\u00e4tt. Kontakta oss via v\u00e5rt kontaktformul\u00e4r Det g\u00e5r s\u00e5klart \u00e4ven bra att ringa &hellip; <a href=\"https:\/\/www.itkompaniet.com\/?page_id=530\" class=\"more-link\">Forts\u00e4tt l\u00e4sa <span class=\"screen-reader-text\">\u00d6ppettider<\/span> <span class=\"meta-nav\">&rarr;<\/span><\/a><\/p>\n","protected":false},"author":1,"featured_media":0,"parent":0,"menu_order":0,"comment_status":"closed","ping_status":"closed","template":"","meta":{"footnotes":""},"class_list":["post-530","page","type-page","status-publish","hentry"],"_links":{"self":[{"href":"https:\/\/www.itkompaniet.com\/index.php?rest_route=\/wp\/v2\/pages\/530","targetHints":{"allow":["GET"]}}],"collection":[{"href":"https:\/\/www.itkompaniet.com\/index.php?rest_route=\/wp\/v2\/pages"}],"about":[{"href":"https:\/\/www.itkompaniet.com\/index.php?rest_route=\/wp\/v2\/types\/page"}],"author":[{"embeddable":true,"href":"https:\/\/www.itkompaniet.com\/index.php?rest_route=\/wp\/v2\/users\/1"}],"replies":[{"embeddable":true,"href":"https:\/\/www.itkompaniet.com\/index.php?rest_route=%2Fwp%2Fv2%2Fcomments&post=530"}],"version-history":[{"count":6,"href":"https:\/\/www.itkompaniet.com\/index.php?rest_route=\/wp\/v2\/pages\/530\/revisions"}],"predecessor-version":[{"id":12737,"href":"https:\/\/www.itkompaniet.com\/index.php?rest_route=\/wp\/v2\/pages\/530\/revisions\/12737"}],"wp:attachment":[{"href":"https:\/\/www.itkompaniet.com\/index.php?rest_route=%2Fwp%2Fv2%2Fmedia&parent=530"}],"curies":[{"name":"wp","href":"https:\/\/api.w.org\/{rel}","templated":true}]}}