{"id":2,"date":"2012-03-16T11:03:22","date_gmt":"2012-03-16T10:03:22","guid":{"rendered":"http:\/\/www.itkompaniet.com\/wordpress\/?page_id=2"},"modified":"2021-07-24T10:49:49","modified_gmt":"2021-07-24T08:49:49","slug":"about","status":"publish","type":"page","link":"https:\/\/www.itkompaniet.com\/?page_id=2","title":{"rendered":"Om oss"},"content":{"rendered":"<p>S\u00f6ker ni en stabil support s\u00e5&#8230; hj\u00e4lper till med:<\/p>\n<p>R\u00e5d kring ink\u00f6p, planering av intran\u00e4t och internetl\u00f6sningar, b\u00e5de tr\u00e5dburet och tr\u00e5dl\u00f6st med bra stabilitet och r\u00e4ckvidd.<\/p>\n<p>Datorf\u00f6rs\u00e4ljning av kvalitets datorer baserade p\u00e5 h\u00e5rdvara i f\u00f6rstahand fr\u00e5n ASUS. Vi levererar datorn klara att anv\u00e4nda med den mjukvara du v\u00e4ljer och ser till att det fungerar p\u00e5 plats.<\/p>\n<p>Installation av kringutrustning s\u00e5 som till exempel skrivare, skanners och dylikt.<\/p>\n<p>Installation, \u00f6verf\u00f6ring information fr\u00e5n gamla datorn samt \u00e5terst\u00e4llning av f\u00f6rlorad data. (kan ta tid beroende p\u00e5 felet \u00e4r och omfattningen av skadan p\u00e5 HD:n)<\/p>\n<p>Serverl\u00f6sningar f\u00f6r sm\u00e5 f\u00f6retag.<\/p>\n<p>Backup via moln eller egen NAS.<\/p>\n<p>Underh\u00e5ll av er befintliga maskinpark&#8230; \u00a0uppdateringar av mjukvara och uppgraderingar av maskinvara.<\/p>\n<p>Vi designar hemsidor, skapar grafiska profiler och l\u00e4mnar f\u00f6rslag p\u00e5 logga.<\/p>\n<p>Rensar ut skadlig kod s\u00e5 som trojaner och virus ur era datorer.<\/p>\n<p>Erbjuder fj\u00e4rrsupport n\u00e4r det \u00e4r m\u00f6jligt att l\u00f6sa utan v\u00e5r fysiska n\u00e4rvaro. Anv\u00e4nder marknadsledande programvara med klienter utan installation i f\u00f6rsta hand f\u00f6r att \u00f6ka er s\u00e4kerhet ytterligare.<\/p>\n<p>Skr\u00e4ddarsyr utbildningar och h\u00e5ller kurser f\u00f6r mindre grupper.<\/p>\n<p>Vi erbjuder serviceavtal efter era \u00f6nskem\u00e5l.<\/p>\n<p>Filosofin som vi hade n\u00e4r Martin startade bolaget g\u00e4ller \u00e4nnu efter 23 \u00e5r.<\/p>\n<p>Vi kommer ut till er om ni s\u00e5 \u00f6nskar, inget jobb \u00e4r f\u00f6r litet!<\/p>\n<p>S\u00e5 tveka inte att ringa f\u00f6r att boka en genomg\u00e5ng<\/p>\n<p>V\u00e5ra \u00f6ppet tider \u00e4r<br \/>\nM\u00e5ndag &#8211; Tisdag \u00a0 \u00a0 \u00a009:00 &#8211; 17:00<br \/>\nOnsdag \u00a0*** s t \u00e4 n g t ***<br \/>\nTorsdag &#8211; Fredag 09:00 &#8211; 17:00<br \/>\nL\u00f6rdag 09:00 &#8211; 12:00<\/p>\n<p>N\u00e5s enklast under f\u00f6rmiddagen<\/p>\n<p>ITKompaniet\u00a0g\u00e5r att n\u00e5 p\u00e5 m\u00e5nga olika s\u00e4tt.<\/p>\n<p>Kontakta oss via v\u00e5rt <a href=\"https:\/\/www.itkompaniet.com\/?page_id=115\">kontaktformul\u00e4r<\/a><\/p>\n<p>Det g\u00e5r s\u00e5klart \u00e4ven bra att ringa hit.<\/p>\n<p>Tfn\u00a0046 738909 (sl\u00e5 samtliga siffror d\u00e5 v\u00e5rt telefonsystem fodrar detta)<\/p>\n<p>Martin\u00a0Mobil\u00a00708 73 89 09<br \/>\nMagnus\u00a0Mobil\u00a00704 73 89 09<br \/>\nJoakim Mobil\u00a00709 10 68 17<\/p>\n<p>Adressen f\u00f6r vanliga brev \u00e4r f\u00f6ljande:<\/p>\n<p>ITKompaniet<br \/>\nFackelrosv\u00e4gen 5<br \/>\nS-246 51 L\u00f6ddek\u00f6pinge<\/p>\n<p><a title=\"Karta\" href=\"http:\/\/www.hitta.se\/it-kompaniet\/l%C3%B6ddek%C3%B6pinge\/hSgWZ_4HHG?vad=itkompaniet\">Karta<\/a><\/p>\n","protected":false},"excerpt":{"rendered":"<p>S\u00f6ker ni en stabil support s\u00e5&#8230; hj\u00e4lper till med: R\u00e5d kring ink\u00f6p, planering av intran\u00e4t och internetl\u00f6sningar, b\u00e5de tr\u00e5dburet och tr\u00e5dl\u00f6st med bra stabilitet och r\u00e4ckvidd. Datorf\u00f6rs\u00e4ljning av kvalitets datorer baserade p\u00e5 h\u00e5rdvara i f\u00f6rstahand fr\u00e5n ASUS. Vi levererar datorn klara att anv\u00e4nda med den mjukvara du v\u00e4ljer och ser till att det fungerar p\u00e5 &hellip; <a href=\"https:\/\/www.itkompaniet.com\/?page_id=2\" class=\"more-link\">Forts\u00e4tt l\u00e4sa <span class=\"screen-reader-text\">Om oss<\/span> <span class=\"meta-nav\">&rarr;<\/span><\/a><\/p>\n","protected":false},"author":1,"featured_media":0,"parent":0,"menu_order":0,"comment_status":"closed","ping_status":"open","template":"","meta":{"footnotes":""},"class_list":["post-2","page","type-page","status-publish","hentry"],"_links":{"self":[{"href":"https:\/\/www.itkompaniet.com\/index.php?rest_route=\/wp\/v2\/pages\/2","targetHints":{"allow":["GET"]}}],"collection":[{"href":"https:\/\/www.itkompaniet.com\/index.php?rest_route=\/wp\/v2\/pages"}],"about":[{"href":"https:\/\/www.itkompaniet.com\/index.php?rest_route=\/wp\/v2\/types\/page"}],"author":[{"embeddable":true,"href":"https:\/\/www.itkompaniet.com\/index.php?rest_route=\/wp\/v2\/users\/1"}],"replies":[{"embeddable":true,"href":"https:\/\/www.itkompaniet.com\/index.php?rest_route=%2Fwp%2Fv2%2Fcomments&post=2"}],"version-history":[{"count":31,"href":"https:\/\/www.itkompaniet.com\/index.php?rest_route=\/wp\/v2\/pages\/2\/revisions"}],"predecessor-version":[{"id":12639,"href":"https:\/\/www.itkompaniet.com\/index.php?rest_route=\/wp\/v2\/pages\/2\/revisions\/12639"}],"wp:attachment":[{"href":"https:\/\/www.itkompaniet.com\/index.php?rest_route=%2Fwp%2Fv2%2Fmedia&parent=2"}],"curies":[{"name":"wp","href":"https:\/\/api.w.org\/{rel}","templated":true}]}}