{"id":10,"date":"2011-02-03T20:05:18","date_gmt":"2011-02-03T20:05:18","guid":{"rendered":"http:\/\/www.itkompaniet.com\/wordpress\/?page_id=10"},"modified":"2025-07-09T09:50:17","modified_gmt":"2025-07-09T07:50:17","slug":"nyttigt","status":"publish","type":"page","link":"https:\/\/www.itkompaniet.com\/?page_id=10","title":{"rendered":"Nyttigt"},"content":{"rendered":"<p>ITKompaniet&#8217;s allm\u00e4nna r\u00e5d om l\u00e4nkar och drivrutinsbibliotek<\/p>\n<p><a href=\"http:\/\/www.itkompaniet.com\/?attachment_id=612\" rel=\"attachment wp-att-612\"><img loading=\"lazy\" decoding=\"async\" class=\"alignnone size-full wp-image-612\" src=\"http:\/\/www.itkompaniet.com\/wp-content\/uploads\/2011\/02\/emoji.jpg\" alt=\"\" width=\"310\" height=\"163\" srcset=\"https:\/\/www.itkompaniet.com\/wp-content\/uploads\/2011\/02\/emoji.jpg 310w, https:\/\/www.itkompaniet.com\/wp-content\/uploads\/2011\/02\/emoji-300x158.jpg 300w\" sizes=\"auto, (max-width: 310px) 100vw, 310px\" \/><\/a><br \/>\nUndrar du med vad Emojin\/Smileyn betyder<a href=\"http:\/\/www.iemoji.com\/\" target=\"_new\" rel=\"noopener noreferrer\">\u00a0http:\/\/www.iemoji.com\/<\/a><br \/>\nSidan har massor med nyttigt att l\u00e4sa om dessa&#8230;<\/p>\n<p>*<span style=\"color: #ff0000;\"><em><strong> Nu kan ni f\u00e5 fj\u00e4rrhj\u00e4lp bara ett samtal iv\u00e4g&#8230;<\/strong><\/em><\/span><\/p>\n<p>Vi testar ett nytt verktyg f\u00f6r fj\u00e4rrstyrning som ni m\u00e5ste h\u00e4mta hos Google Chrome Web Store, klicka p\u00e5 l\u00e4nken nedan:<\/p>\n<p><a href=\"https:\/\/remotedesktop.google.com\/\">Chrome Remote Desktop<\/a><\/p>\n<div class=\"mceTemp\"><\/div>\n<p><img loading=\"lazy\" decoding=\"async\" class=\"wp-image-12690 size-full\" style=\"font-weight: bold; background-color: transparent; color: #767676;\" src=\"https:\/\/www.itkompaniet.com\/wp-content\/uploads\/2023\/03\/anydesk-logo-white-red-ec4e3a.png\" alt=\"AnyDesk\" width=\"301\" height=\"57\" \/><\/p>\n<p>Ladda ner AnyDesk via l\u00e4nken nedan:<br \/>\n<a title=\"AnyDesk fj\u00e4rrhj\u00e4lp\" href=\"https:\/\/anydesk.com\/en\/downloads\/windows?dv=win_exe\" target=\"_blank\" rel=\"noopener\">Ladda ned AnyDesk s\u00e5 att vi kan hj\u00e4lpa dig<\/a><\/p>\n<p>Filen hamnar automatisk p\u00e5 din dator. Du hittar den i mappen h\u00e4mtade filer:<br \/>\nV\u00e4lj Utforskaren i aktivitetsf\u00e4ltet eller tryck p\u00e5 Windows-tangenten + E. Under Snabb\u00e5tkomst v\u00e4ljer du H\u00e4mtade filer<br \/>\nDubbelklicka och till\u00e5t att programmet g\u00f6r \u00e4ndringar p\u00e5 datorn.<\/p>\n<p>Det vi sedan beh\u00f6ver \u00e4r de siffror som nu visas i AnyDesk<\/p>\n<p><a class=\"HzAdZd\" href=\"https:\/\/remotedesktop.google.com\/home\" data-navigation=\"server\"><img decoding=\"async\" class=\"rzPSjd\" src=\"https:\/\/www.gstatic.com\/images\/branding\/googlelogo\/svg\/googlelogo_clr_74x24px.svg\" alt=\"\" data-atf=\"true\" data-iml=\"170.79999999701977\" \/>Chrome Remote Desktop<\/a><\/p>\n<figure style=\"width: 138px\" class=\"wp-caption alignnone\"><a href=\"https:\/\/download.teamviewer.com\/QS\" rel=\"https:\/\/www.teamviewer.com\/link\/?url=426717&amp;id=1654563270\"><img loading=\"lazy\" decoding=\"async\" title=\"TeamViewer f\u00f6r fj\u00e4rrsupport\" src=\"http:\/\/www.teamviewer.com\/link\/?url=426717&amp;id=1654563270\" alt=\"TeamViewer f\u00f6r fj\u00e4rrsupport\" width=\"138\" height=\"69\" border=\"0\" \/><\/a><figcaption class=\"wp-caption-text\">Fj\u00e4rrsupport Allm\u00e4n<\/figcaption><\/figure>\n<p><a href=\"https:\/\/download.teamviewer.com\/QS\">TeamViewer Allm\u00e4n<\/a><\/p>\n<p>F\u00f6r att g\u00f6ra e-posten b\u00e4ttre f\u00f6r oss som anv\u00e4ndare har FSData lagt om v\u00e5r e-post. De har skickat ut ett @-mail till alla ber\u00f6rda med de nya uppgifter som m\u00e5ste anv\u00e4ndas. F\u00f6r ytterligare instruktioner g\u00e5 till FSData:s support genom att klicka:<\/p>\n<p><a href=\"http:\/\/manual.fsdata.se\/e-post\/nya-systemet?start=10\" target=\"_new\" rel=\"noopener noreferrer\">http:\/\/manual.fsdata.se\/e-post\/nya-systemet?start=10<\/a><\/p>\n<p>V\u00e4lj det e-postprogram som du anv\u00e4nder, t\u00e4nk p\u00e5 att det finns 2 sidor!\u00a0 Skulle ni inte klara detta s\u00e5 kontakta Martin H! se uppgifter under &#8221;Vi p\u00e5 ITKompaniet&#8221;<\/p>\n<div class=\"mceItemVisualAid\" style=\"position: relative; width: 140px; height: 70px;\"><\/div>\n","protected":false},"excerpt":{"rendered":"<p>ITKompaniet&#8217;s allm\u00e4nna r\u00e5d om l\u00e4nkar och drivrutinsbibliotek Undrar du med vad Emojin\/Smileyn betyder\u00a0http:\/\/www.iemoji.com\/ Sidan har massor med nyttigt att l\u00e4sa om dessa&#8230; * Nu kan ni f\u00e5 fj\u00e4rrhj\u00e4lp bara ett samtal iv\u00e4g&#8230; Vi testar ett nytt verktyg f\u00f6r fj\u00e4rrstyrning som ni m\u00e5ste h\u00e4mta hos Google Chrome Web Store, klicka p\u00e5 l\u00e4nken nedan: Chrome Remote Desktop &hellip; <a href=\"https:\/\/www.itkompaniet.com\/?page_id=10\" class=\"more-link\">Forts\u00e4tt l\u00e4sa <span class=\"screen-reader-text\">Nyttigt<\/span> <span class=\"meta-nav\">&rarr;<\/span><\/a><\/p>\n","protected":false},"author":1,"featured_media":0,"parent":0,"menu_order":0,"comment_status":"closed","ping_status":"open","template":"","meta":{"footnotes":""},"class_list":["post-10","page","type-page","status-publish","hentry"],"_links":{"self":[{"href":"https:\/\/www.itkompaniet.com\/index.php?rest_route=\/wp\/v2\/pages\/10","targetHints":{"allow":["GET"]}}],"collection":[{"href":"https:\/\/www.itkompaniet.com\/index.php?rest_route=\/wp\/v2\/pages"}],"about":[{"href":"https:\/\/www.itkompaniet.com\/index.php?rest_route=\/wp\/v2\/types\/page"}],"author":[{"embeddable":true,"href":"https:\/\/www.itkompaniet.com\/index.php?rest_route=\/wp\/v2\/users\/1"}],"replies":[{"embeddable":true,"href":"https:\/\/www.itkompaniet.com\/index.php?rest_route=%2Fwp%2Fv2%2Fcomments&post=10"}],"version-history":[{"count":59,"href":"https:\/\/www.itkompaniet.com\/index.php?rest_route=\/wp\/v2\/pages\/10\/revisions"}],"predecessor-version":[{"id":12791,"href":"https:\/\/www.itkompaniet.com\/index.php?rest_route=\/wp\/v2\/pages\/10\/revisions\/12791"}],"wp:attachment":[{"href":"https:\/\/www.itkompaniet.com\/index.php?rest_route=%2Fwp%2Fv2%2Fmedia&parent=10"}],"curies":[{"name":"wp","href":"https:\/\/api.w.org\/{rel}","templated":true}]}}